{"id":1453,"date":"2020-04-30T11:12:41","date_gmt":"2020-04-30T11:12:41","guid":{"rendered":"http:\/\/mk.local\/?page_id=1453"},"modified":"2026-01-15T17:43:00","modified_gmt":"2026-01-15T17:43:00","slug":"kontakt","status":"publish","type":"page","link":"https:\/\/mkautoborse.de\/sr\/kontakt\/","title":{"rendered":"Kontakt"},"content":{"rendered":"<div data-elementor-type=\"wp-page\" data-elementor-id=\"1453\" class=\"elementor elementor-1453\">\n\t\t\t\t\t\t<section class=\"elementor-section elementor-top-section elementor-element elementor-element-59d5586 elementor-section-boxed elementor-section-height-default elementor-section-height-default sc_fly_static\" data-id=\"59d5586\" data-element_type=\"section\" data-settings=\"{&quot;background_background&quot;:&quot;classic&quot;}\">\n\t\t\t\t\t\t<div class=\"elementor-container elementor-column-gap-extended\">\n\t\t\t\t\t<div class=\"elementor-column elementor-col-100 elementor-top-column elementor-element elementor-element-6f2e8f1 sc_content_align_inherit sc_layouts_column_icons_position_left sc_fly_static\" data-id=\"6f2e8f1\" data-element_type=\"column\">\n\t\t\t<div class=\"elementor-widget-wrap elementor-element-populated\">\n\t\t\t\t\t\t<div class=\"elementor-element elementor-element-456e8dc sc_height_huge sc_fly_static elementor-widget elementor-widget-spacer\" data-id=\"456e8dc\" data-element_type=\"widget\" data-widget_type=\"spacer.default\">\n\t\t\t\t<div class=\"elementor-widget-container\">\n\t\t\t\t\t\t\t<div class=\"elementor-spacer\">\n\t\t\t<div class=\"elementor-spacer-inner\"><\/div>\n\t\t<\/div>\n\t\t\t\t\t\t<\/div>\n\t\t\t\t<\/div>\n\t\t\t\t<div class=\"elementor-element elementor-element-c539c06 sc_layouts_hide_on_notebook sc_layouts_hide_on_mobile sc_layouts_hide_on_tablet sc_fly_static elementor-widget elementor-widget-spacer\" data-id=\"c539c06\" data-element_type=\"widget\" data-widget_type=\"spacer.default\">\n\t\t\t\t<div class=\"elementor-widget-container\">\n\t\t\t\t\t\t\t<div class=\"elementor-spacer\">\n\t\t\t<div class=\"elementor-spacer-inner\"><\/div>\n\t\t<\/div>\n\t\t\t\t\t\t<\/div>\n\t\t\t\t<\/div>\n\t\t\t\t<section class=\"elementor-section elementor-inner-section elementor-element elementor-element-a03b77d elementor-section-boxed elementor-section-height-default elementor-section-height-default sc_fly_static\" data-id=\"a03b77d\" data-element_type=\"section\">\n\t\t\t\t\t\t<div class=\"elementor-container elementor-column-gap-no\">\n\t\t\t\t\t<div class=\"elementor-column elementor-col-50 elementor-inner-column elementor-element elementor-element-69354d4 sc_content_align_inherit sc_layouts_column_icons_position_left sc_fly_static\" data-id=\"69354d4\" data-element_type=\"column\">\n\t\t\t<div class=\"elementor-widget-wrap elementor-element-populated\">\n\t\t\t\t\t\t<div class=\"elementor-element elementor-element-eaecd30 sc_fly_static elementor-widget elementor-widget-trx_sc_title\" data-id=\"eaecd30\" data-element_type=\"widget\" data-widget_type=\"trx_sc_title.default\">\n\t\t\t\t<div class=\"elementor-widget-container\">\n\t\t\t\t\t<div\t\tclass=\"sc_title sc_title_default\" ><h2 class=\"sc_item_title sc_title_title sc_item_title_style_default sc_item_title_tag trx_addons_inline_1690850577\"\n\t\t\t><span class=\"sc_item_title_text\">Kontaktinformationen<\/span><\/h2><div class=\"sc_item_descr sc_title_descr sc_item_descr_with_custom_color trx_addons_inline_909535614\"><p>Montag bis Freitag: 09:00 - 18:00 Uhr<br \/>\nSamstag: 10:00 - 15:00 Uhr<br \/>\nSonntag: Geschlossen<\/p>\n<p>\nSo finden Sie uns:<br \/>\nUnsere zentrale Lage in Offenbach am Main erm\u00f6glicht eine einfache Erreichbarkeit. Parkpl\u00e4tze stehen vor Ort zur Verf\u00fcgung.<\/p>\n<\/div><\/div>\t\t\t\t<\/div>\n\t\t\t\t<\/div>\n\t\t\t\t\t<\/div>\n\t\t<\/div>\n\t\t\t\t<div class=\"elementor-column elementor-col-50 elementor-inner-column elementor-element elementor-element-e1b2abd sc_content_align_inherit sc_layouts_column_icons_position_left sc_fly_static\" data-id=\"e1b2abd\" data-element_type=\"column\">\n\t\t\t<div class=\"elementor-widget-wrap elementor-element-populated\">\n\t\t\t\t\t\t<div class=\"elementor-element elementor-element-5f57c57 sc_fly_static elementor-widget elementor-widget-spacer\" data-id=\"5f57c57\" data-element_type=\"widget\" data-widget_type=\"spacer.default\">\n\t\t\t\t<div class=\"elementor-widget-container\">\n\t\t\t\t\t\t\t<div class=\"elementor-spacer\">\n\t\t\t<div class=\"elementor-spacer-inner\"><\/div>\n\t\t<\/div>\n\t\t\t\t\t\t<\/div>\n\t\t\t\t<\/div>\n\t\t\t\t<div class=\"elementor-element elementor-element-4d82646 sc_fly_static elementor-widget elementor-widget-trx_sc_icons\" data-id=\"4d82646\" data-element_type=\"widget\" data-widget_type=\"trx_sc_icons.default\">\n\t\t\t\t<div class=\"elementor-widget-container\">\n\t\t\t\t\t<div \tclass=\"sc_icons sc_icons_bordered sc_icons_size_small sc_align_none\" ><div class=\"sc_icons_columns_wrap sc_item_columns trx_addons_columns_wrap columns_padding_bottom columns_in_single_row\" ><div class=\"trx_addons_column-1_2 trx_addons_column-1_1-tablet\"><div class=\"sc_icons_item\"><div class=\"sc_icons_icon sc_icon_type_ icon-marker\" ><span class=\"sc_icon_type_ icon-marker\"><\/span><\/div><div class=\"sc_icons_item_details\"><h4 class=\"sc_icons_item_title\" style=\"color:#FFFFFF;\"><span>Adresse<\/span><\/h4><div class=\"sc_icons_item_description\" style=\"color:#FFFFFF;\"><span>M\u00fchlheimer Stra\u00dfe 354, 63075 Offenbach am Main, Deutschland<\/span><\/div><\/div><\/div><\/div><div class=\"trx_addons_column-1_2 trx_addons_column-1_1-tablet\"><div class=\"sc_icons_item sc_icons_item_linked with_more\"><div class=\"sc_icons_icon sc_icon_type_ icon-iphone\" ><span class=\"sc_icon_type_ icon-iphone\"><\/span><\/div><div class=\"sc_icons_item_details\"><h4 class=\"sc_icons_item_title\" style=\"color:#FFFFFF;\"><a href=\"tel: 4915140471471\">\n                                    Kontaktdetails                                    <\/a><\/h4><div class=\"sc_icons_item_description\" style=\"color:#FFFFFF;\"><span><a href=\"mailto:mk.autoboerse@gmail.com\">mk.autoboerse@gmail.com<\/a><\/span><\/div><a href=\"tel: 4915140471471\" class=\"sc_icons_item_more_link\">\n                        <span class=\"link_text\">+49 151 4047 14 71<\/span><span class=\"link_icon\"><\/span>\n                        <\/a><a href=\"tel: 4915140471471\"\n                        class=\"sc_icons_item_link\">\n                        <\/a><\/div><\/div><\/div><\/div><\/div><!-- \/.sc_icons -->\t\t\t\t<\/div>\n\t\t\t\t<\/div>\n\t\t\t\t\t<\/div>\n\t\t<\/div>\n\t\t\t\t\t<\/div>\n\t\t<\/section>\n\t\t\t\t<div class=\"elementor-element elementor-element-a7ba6c8 sc_height_huge sc_fly_static elementor-widget elementor-widget-spacer\" data-id=\"a7ba6c8\" data-element_type=\"widget\" data-widget_type=\"spacer.default\">\n\t\t\t\t<div class=\"elementor-widget-container\">\n\t\t\t\t\t\t\t<div class=\"elementor-spacer\">\n\t\t\t<div class=\"elementor-spacer-inner\"><\/div>\n\t\t<\/div>\n\t\t\t\t\t\t<\/div>\n\t\t\t\t<\/div>\n\t\t\t\t<div class=\"elementor-element elementor-element-d9c3f4b sc_layouts_hide_on_notebook sc_layouts_hide_on_mobile sc_layouts_hide_on_tablet sc_fly_static elementor-widget elementor-widget-spacer\" data-id=\"d9c3f4b\" data-element_type=\"widget\" data-widget_type=\"spacer.default\">\n\t\t\t\t<div class=\"elementor-widget-container\">\n\t\t\t\t\t\t\t<div class=\"elementor-spacer\">\n\t\t\t<div class=\"elementor-spacer-inner\"><\/div>\n\t\t<\/div>\n\t\t\t\t\t\t<\/div>\n\t\t\t\t<\/div>\n\t\t\t\t\t<\/div>\n\t\t<\/div>\n\t\t\t\t\t<\/div>\n\t\t<\/section>\n\t\t\t\t<section class=\"elementor-section elementor-top-section elementor-element elementor-element-729cb49 elementor-section-full_width elementor-section-height-default elementor-section-height-default sc_fly_static\" data-id=\"729cb49\" data-element_type=\"section\">\n\t\t\t\t\t\t<div class=\"elementor-container elementor-column-gap-no\">\n\t\t\t\t\t<div class=\"elementor-column elementor-col-100 elementor-top-column elementor-element elementor-element-66b0a51 sc_content_align_inherit sc_layouts_column_icons_position_left sc_fly_static\" data-id=\"66b0a51\" data-element_type=\"column\">\n\t\t\t<div class=\"elementor-widget-wrap elementor-element-populated\">\n\t\t\t\t\t\t<div class=\"elementor-element elementor-element-b6fbd8a sc_fly_static elementor-widget elementor-widget-trx_sc_googlemap\" data-id=\"b6fbd8a\" data-element_type=\"widget\" data-widget_type=\"trx_sc_googlemap.default\">\n\t\t\t\t<div class=\"elementor-widget-container\">\n\t\t\t\t\t<div id=\"sc_googlemap_151173197_wrap\" class=\"sc_googlemap_wrap\"><div id=\"sc_googlemap_151173197\"\t\t\tclass=\"sc_item_content sc_map sc_googlemap sc_googlemap_default sc_googlemap_prevent_scroll trx_addons_inline_898595225\"\n\t\t\t \t\t\tdata-zoom=\"16\"\n\t\t\tdata-center=\"\"\n\t\t\tdata-style=\"dark\"\n\t\t\tdata-cluster-icon=\"\"\n\t\t\t><iframe\n\t\t\t\t\t\tsrc=\"https:\/\/maps.google.com\/maps?t=m&output=embed&iwloc=near&z=16&q=50.11310745436588%2C+8.803622397772685\"\n\t\t\t\t\t\taria-label=\"\"><\/iframe><\/div><\/div>\t\t\t\t<\/div>\n\t\t\t\t<\/div>\n\t\t\t\t\t<\/div>\n\t\t<\/div>\n\t\t\t\t\t<\/div>\n\t\t<\/section>\n\t\t\t\t<\/div>","protected":false},"excerpt":{"rendered":"<p>Kontaktinformationen Montag bis Freitag: 09:00 &#8211; 18:00 Uhr Samstag: 10:00 &#8211; 15:00 Uhr Sonntag: Geschlossen So finden Sie uns: Unsere zentrale Lage in Offenbach am Main erm\u00f6glicht eine einfache Erreichbarkeit.&hellip;<\/p>","protected":false},"author":1,"featured_media":0,"parent":0,"menu_order":0,"comment_status":"closed","ping_status":"closed","template":"","meta":{"footnotes":""},"class_list":["post-1453","page","type-page","status-publish","hentry"],"_links":{"self":[{"href":"https:\/\/mkautoborse.de\/sr\/wp-json\/wp\/v2\/pages\/1453","targetHints":{"allow":["GET"]}}],"collection":[{"href":"https:\/\/mkautoborse.de\/sr\/wp-json\/wp\/v2\/pages"}],"about":[{"href":"https:\/\/mkautoborse.de\/sr\/wp-json\/wp\/v2\/types\/page"}],"author":[{"embeddable":true,"href":"https:\/\/mkautoborse.de\/sr\/wp-json\/wp\/v2\/users\/1"}],"replies":[{"embeddable":true,"href":"https:\/\/mkautoborse.de\/sr\/wp-json\/wp\/v2\/comments?post=1453"}],"version-history":[{"count":20,"href":"https:\/\/mkautoborse.de\/sr\/wp-json\/wp\/v2\/pages\/1453\/revisions"}],"predecessor-version":[{"id":43466,"href":"https:\/\/mkautoborse.de\/sr\/wp-json\/wp\/v2\/pages\/1453\/revisions\/43466"}],"wp:attachment":[{"href":"https:\/\/mkautoborse.de\/sr\/wp-json\/wp\/v2\/media?parent=1453"}],"curies":[{"name":"wp","href":"https:\/\/api.w.org\/{rel}","templated":true}]}}