{"id":11740,"date":"2024-12-01T11:32:27","date_gmt":"2024-12-01T11:32:27","guid":{"rendered":"http:\/\/mk.local\/?page_id=11740"},"modified":"2024-12-15T01:49:16","modified_gmt":"2024-12-15T01:49:16","slug":"ueber-uns","status":"publish","type":"page","link":"https:\/\/mkautoborse.de\/sr\/ueber-uns\/","title":{"rendered":"\u00dcber uns"},"content":{"rendered":"<div data-elementor-type=\"wp-page\" data-elementor-id=\"11740\" class=\"elementor elementor-11740\">\n\t\t\t\t\t\t<section class=\"elementor-section elementor-top-section elementor-element elementor-element-f095308 elementor-section-boxed elementor-section-height-default elementor-section-height-default sc_fly_static\" data-id=\"f095308\" data-element_type=\"section\" data-settings=\"{&quot;background_background&quot;:&quot;classic&quot;}\">\n\t\t\t\t\t\t<div class=\"elementor-container elementor-column-gap-extended\">\n\t\t\t\t\t<div class=\"elementor-column elementor-col-100 elementor-top-column elementor-element elementor-element-43bb3d0 sc_content_align_inherit sc_layouts_column_icons_position_left sc_fly_static\" data-id=\"43bb3d0\" data-element_type=\"column\">\n\t\t\t<div class=\"elementor-widget-wrap elementor-element-populated\">\n\t\t\t\t\t\t<div class=\"elementor-element elementor-element-6f42515 sc_layouts_hide_on_notebook sc_layouts_hide_on_tablet sc_layouts_hide_on_mobile sc_fly_static elementor-widget elementor-widget-spacer\" data-id=\"6f42515\" data-element_type=\"widget\" data-widget_type=\"spacer.default\">\n\t\t\t\t<div class=\"elementor-widget-container\">\n\t\t\t\t\t\t\t<div class=\"elementor-spacer\">\n\t\t\t<div class=\"elementor-spacer-inner\"><\/div>\n\t\t<\/div>\n\t\t\t\t\t\t<\/div>\n\t\t\t\t<\/div>\n\t\t\t\t<div class=\"elementor-element elementor-element-8976620 sc_height_huge sc_fly_static elementor-widget elementor-widget-spacer\" data-id=\"8976620\" data-element_type=\"widget\" data-widget_type=\"spacer.default\">\n\t\t\t\t<div class=\"elementor-widget-container\">\n\t\t\t\t\t\t\t<div class=\"elementor-spacer\">\n\t\t\t<div class=\"elementor-spacer-inner\"><\/div>\n\t\t<\/div>\n\t\t\t\t\t\t<\/div>\n\t\t\t\t<\/div>\n\t\t\t\t\t<\/div>\n\t\t<\/div>\n\t\t\t\t\t<\/div>\n\t\t<\/section>\n\t\t\t\t<section class=\"elementor-section elementor-top-section elementor-element elementor-element-015ee68 elementor-section-boxed elementor-section-height-default elementor-section-height-default sc_fly_static\" data-id=\"015ee68\" data-element_type=\"section\" data-settings=\"{&quot;background_background&quot;:&quot;classic&quot;}\">\n\t\t\t\t\t\t<div class=\"elementor-container elementor-column-gap-extended\">\n\t\t\t\t\t<div class=\"elementor-column elementor-col-100 elementor-top-column elementor-element elementor-element-4dedad6 sc_content_align_inherit sc_layouts_column_icons_position_left sc_fly_static\" data-id=\"4dedad6\" data-element_type=\"column\">\n\t\t\t<div class=\"elementor-widget-wrap elementor-element-populated\">\n\t\t\t\t\t\t<div class=\"elementor-element elementor-element-679b2e0 elementor-widget__width-initial sc_fly_static elementor-widget elementor-widget-trx_sc_title\" data-id=\"679b2e0\" data-element_type=\"widget\" data-widget_type=\"trx_sc_title.default\">\n\t\t\t\t<div class=\"elementor-widget-container\">\n\t\t\t\t\t<div\t\tclass=\"sc_title sc_title_default\" ><h1 class=\"sc_item_title sc_title_title sc_item_title_style_default sc_item_title_tag trx_addons_inline_485583112\"\n\t\t\t><span class=\"sc_item_title_text\">Die M&K AUTOB\u00d6RSE und TRANSPORTE GMBH <\/span><\/h1><div class=\"sc_item_descr sc_title_descr sc_item_descr_with_custom_color trx_addons_inline_365028115\"><p>mit Sitz in Offenbach am Main ist ein vielseitiges Unternehmen, das sich auf den An- und Verkauf von Neu- und Gebrauchtfahrzeugen spezialisiert hat. Unser Leistungsspektrum umfasst zudem Autovermietung, Zulassungsdienste, Fahrzeugreparaturen, Reifenwechsel, Fahrzeugaufbereitung, Autolackierung sowie nationale und internationale Fahrzeugtransporte.<\/p>\n<p>Unsere Unternehmensdaten:<\/p>\n<p>Adresse: M\u00fchlheimer Stra\u00dfe 354, 63075 Offenbach am Main, Deutschland<br \/>\nTelefon: +49 (0)151 40471471<br \/>\nHandelsregister: Amtsgericht Offenbach am Main, HRB 52778<br \/>\nSeit unserer Gr\u00fcndung haben wir es uns zur Aufgabe gemacht, unseren Kunden einen umfassenden und zuverl\u00e4ssigen Service rund um das Automobil zu bieten. Unser engagiertes Team steht Ihnen mit Fachkompetenz und pers\u00f6nlicher Beratung zur Seite, um Ihre individuellen W\u00fcnsche zu erf\u00fcllen.<\/p>\n<p>Besuchen Sie uns vor Ort oder kontaktieren Sie uns telefonisch, um mehr \u00fcber unsere aktuellen Fahrzeugangebote und Dienstleistungen zu erfahren. Wir freuen uns darauf, Ihnen weiterhelfen zu k\u00f6nnen.<\/p>\n<\/div><\/div>\t\t\t\t<\/div>\n\t\t\t\t<\/div>\n\t\t\t\t<div class=\"elementor-element elementor-element-9868fa3 sc_fly_static elementor-widget elementor-widget-spacer\" data-id=\"9868fa3\" data-element_type=\"widget\" data-widget_type=\"spacer.default\">\n\t\t\t\t<div class=\"elementor-widget-container\">\n\t\t\t\t\t\t\t<div class=\"elementor-spacer\">\n\t\t\t<div class=\"elementor-spacer-inner\"><\/div>\n\t\t<\/div>\n\t\t\t\t\t\t<\/div>\n\t\t\t\t<\/div>\n\t\t\t\t\t<\/div>\n\t\t<\/div>\n\t\t\t\t\t<\/div>\n\t\t<\/section>\n\t\t\t\t<\/div>","protected":false},"excerpt":{"rendered":"<p>Die M&#038;K AUTOB\u00d6RSE und TRANSPORTE GMBH mit Sitz in Offenbach am Main ist ein vielseitiges Unternehmen, das sich auf den An- und Verkauf von Neu- und Gebrauchtfahrzeugen spezialisiert hat. Unser&hellip;<\/p>","protected":false},"author":1,"featured_media":0,"parent":0,"menu_order":0,"comment_status":"closed","ping_status":"closed","template":"","meta":{"footnotes":""},"class_list":["post-11740","page","type-page","status-publish","hentry"],"_links":{"self":[{"href":"https:\/\/mkautoborse.de\/sr\/wp-json\/wp\/v2\/pages\/11740","targetHints":{"allow":["GET"]}}],"collection":[{"href":"https:\/\/mkautoborse.de\/sr\/wp-json\/wp\/v2\/pages"}],"about":[{"href":"https:\/\/mkautoborse.de\/sr\/wp-json\/wp\/v2\/types\/page"}],"author":[{"embeddable":true,"href":"https:\/\/mkautoborse.de\/sr\/wp-json\/wp\/v2\/users\/1"}],"replies":[{"embeddable":true,"href":"https:\/\/mkautoborse.de\/sr\/wp-json\/wp\/v2\/comments?post=11740"}],"version-history":[{"count":7,"href":"https:\/\/mkautoborse.de\/sr\/wp-json\/wp\/v2\/pages\/11740\/revisions"}],"predecessor-version":[{"id":42293,"href":"https:\/\/mkautoborse.de\/sr\/wp-json\/wp\/v2\/pages\/11740\/revisions\/42293"}],"wp:attachment":[{"href":"https:\/\/mkautoborse.de\/sr\/wp-json\/wp\/v2\/media?parent=11740"}],"curies":[{"name":"wp","href":"https:\/\/api.w.org\/{rel}","templated":true}]}}