{"id":38085,"date":"2024-07-16T11:22:27","date_gmt":"2024-07-16T11:22:27","guid":{"rendered":"http:\/\/mk.local\/?page_id=38085"},"modified":"2025-03-13T14:58:50","modified_gmt":"2025-03-13T14:58:50","slug":"finanzierung","status":"publish","type":"page","link":"https:\/\/mkautoborse.de\/en\/finanzierung\/","title":{"rendered":"Finanzierung"},"content":{"rendered":"<div data-elementor-type=\"wp-page\" data-elementor-id=\"38085\" class=\"elementor elementor-38085\">\n\t\t\t\t\t\t<section class=\"elementor-section elementor-top-section elementor-element elementor-element-45a51f2 elementor-section-boxed elementor-section-height-default elementor-section-height-default sc_fly_static\" data-id=\"45a51f2\" data-element_type=\"section\">\n\t\t\t\t\t\t<div class=\"elementor-container elementor-column-gap-extended\">\n\t\t\t\t\t<div class=\"elementor-column elementor-col-100 elementor-top-column elementor-element elementor-element-7d0b53d sc_content_align_inherit sc_layouts_column_icons_position_left sc_fly_static\" data-id=\"7d0b53d\" data-element_type=\"column\">\n\t\t\t<div class=\"elementor-widget-wrap elementor-element-populated\">\n\t\t\t\t\t\t<div class=\"elementor-element elementor-element-abb33cc sc_height_huge sc_fly_static elementor-widget elementor-widget-spacer\" data-id=\"abb33cc\" data-element_type=\"widget\" data-widget_type=\"spacer.default\">\n\t\t\t\t<div class=\"elementor-widget-container\">\n\t\t\t\t\t\t\t<div class=\"elementor-spacer\">\n\t\t\t<div class=\"elementor-spacer-inner\"><\/div>\n\t\t<\/div>\n\t\t\t\t\t\t<\/div>\n\t\t\t\t<\/div>\n\t\t\t\t<div class=\"elementor-element elementor-element-dd6e350 sc_layouts_hide_on_mobile sc_layouts_hide_on_notebook sc_layouts_hide_on_tablet sc_fly_static elementor-widget elementor-widget-spacer\" data-id=\"dd6e350\" data-element_type=\"widget\" data-widget_type=\"spacer.default\">\n\t\t\t\t<div class=\"elementor-widget-container\">\n\t\t\t\t\t\t\t<div class=\"elementor-spacer\">\n\t\t\t<div class=\"elementor-spacer-inner\"><\/div>\n\t\t<\/div>\n\t\t\t\t\t\t<\/div>\n\t\t\t\t<\/div>\n\t\t\t\t<div class=\"elementor-element elementor-element-14e0c5a sc_fly_static elementor-widget elementor-widget-text-editor\" data-id=\"14e0c5a\" data-element_type=\"widget\" data-widget_type=\"text-editor.default\">\n\t\t\t\t<div class=\"elementor-widget-container\">\n\t\t\t\t\t\t\t\t\t<h3>Flexible Finanzierungsm\u00f6glichkeiten f\u00fcr Ihr Wunschfahrzeug<\/h3><p>Wir machen den Weg zu Ihrem Traumauto einfach und sorgenfrei! Mit unseren ma\u00dfgeschneiderten Finanzierungsangeboten haben Sie die M\u00f6glichkeit, Ihr neues oder gebrauchtes Fahrzeug zu attraktiven Konditionen zu erwerben.<\/p><p><strong>Unsere Vorteile:<\/strong><\/p><ul><li><strong>Individuelle Beratung:<\/strong> Unsere Experten helfen Ihnen, die beste Finanzierungsoption f\u00fcr Ihre Bed\u00fcrfnisse zu finden.<\/li><li><strong>Transparenz:<\/strong> Klare Konditionen ohne versteckte Kosten.<\/li><li><strong>Schnelle Bearbeitung:<\/strong> Ihr Antrag wird schnell und reibungslos abgewickelt.<\/li><\/ul><p><strong>Wie funktioniert es?<\/strong><\/p><ol><li><strong>Auto ausw\u00e4hlen:<\/strong> Finden Sie das Fahrzeug, das perfekt zu Ihnen passt.<\/li><li><strong>Beratung anfragen:<\/strong> Lassen Sie sich von uns beraten, um die optimale Finanzierung zu finden.<\/li><li><strong>Antrag einreichen:<\/strong> Reichen Sie Ihren Finanzierungsantrag ein und starten Sie Ihre Reise zu Ihrem Traumauto.<\/li><\/ol><h5>Wichtige Dokumente f\u00fcr Ihren Finanzierungsantrag:<\/h5><ul><li>Reisepass und Visum\/Aufenthaltstitel<\/li><li>Reisepass oder Personalausweis (EU)<\/li><li>Letzte Gehaltsabrechnung<\/li><li>Wohnsitzanmeldung<\/li><li>Alte Adresse (vor der aktuellen)<\/li><li>E-Mail-Adresse und Handynummer<\/li><li>Mietbetrag<\/li><li>Geburtsort<\/li><li>Name und Anschrift des Unternehmens<\/li><li>Bankkarte<\/li><\/ul><p>Bitte alle Dokumente klar und gut lesbar von beiden Seiten fotografieren und hochladen. F\u00fcr eine schnellere Bearbeitung Ihres Finanzierungsantrags nutzen Sie bitte das untenstehende Formular.<\/p><p>\ud83d\udcf1 <span class=\"trx_addons_alter_text\">\n  <a href=\"tel: 491638737343\">+49 16 387 373 43<\/a>\n  <a href=\"https:\/\/wa.me\/491638737343\" target=\"_blank\" title=\"Chat on WhatsApp\" style=\"margin-left: 10px;\">\n   <img style=\"height:32px;\"src=\"https:\/\/mkautoborse.de\/wp-content\/uploads\/2025\/03\/WhatsApp-Icon-48.png\">\n  <\/a>\n<\/span>\n\n<br \/><p>\ud83d\udcf1 \n\n<span class=\"trx_addons_alter_text\">\n  <a href=\"tel: 4917687868613\">+49 17 687 868 613<\/a>\n  <a href=\"https:\/\/wa.me\/4917687868613\" target=\"_blank\" title=\"Chat on WhatsApp\" style=\"margin-left: 10px;\">\n   <img style=\"height:32px;\"src=\"https:\/\/mkautoborse.de\/wp-content\/uploads\/2025\/03\/WhatsApp-Icon-48.png\">\n  <\/a>\n<\/span><br\/>\n\n<br \/>\ud83d\udce7 <strong>E-Mail:<\/strong> <a rel=\"noopener\">mk.autoboerse@gmail.com<\/a><\/p><p>Kontaktieren Sie uns jetzt f\u00fcr ein unverbindliches Angebot!\u00a0<\/p>\t\t\t\t\t\t\t\t<\/div>\n\t\t\t\t<\/div>\n\t\t\t\t<div class=\"elementor-element elementor-element-5dd610b sc_fly_static elementor-widget elementor-widget-trx_sc_contact_form_7\" data-id=\"5dd610b\" data-element_type=\"widget\" data-widget_type=\"trx_sc_contact_form_7.default\">\n\t\t\t\t<div class=\"elementor-widget-container\">\n\t\t\t\t\t\n<div class=\"wpcf7 no-js\" id=\"wpcf7-f564-o1\" lang=\"en-US\" dir=\"ltr\" data-wpcf7-id=\"564\">\n<div class=\"screen-reader-response\"><p role=\"status\" aria-live=\"polite\" aria-atomic=\"true\"><\/p> <ul><\/ul><\/div>\n<form action=\"\/en\/wp-json\/wp\/v2\/pages\/38085#wpcf7-f564-o1\" method=\"post\" class=\"wpcf7-form init\" aria-label=\"Contact form\" enctype=\"multipart\/form-data\" novalidate=\"novalidate\" data-status=\"init\" data-trp-original-action=\"\/en\/wp-json\/wp\/v2\/pages\/38085#wpcf7-f564-o1\">\n<div style=\"display: none;\">\n<input type=\"hidden\" name=\"_wpcf7\" value=\"564\" \/>\n<input type=\"hidden\" name=\"_wpcf7_version\" value=\"6.0.2\" \/>\n<input type=\"hidden\" name=\"_wpcf7_locale\" value=\"en_US\" \/>\n<input type=\"hidden\" name=\"_wpcf7_unit_tag\" value=\"wpcf7-f564-o1\" \/>\n<input type=\"hidden\" name=\"_wpcf7_container_post\" value=\"0\" \/>\n<input type=\"hidden\" name=\"_wpcf7_posted_data_hash\" value=\"\" \/>\n<\/div>\n<div class=\"form-style-2\">\n\t<h2>Autokreditanfrage Formular\n\t<\/h2>\n\t<p>Bitte f\u00fcllen Sie das folgende Formular aus und laden Sie die erforderlichen Dokumente hoch.\n\t<\/p>\n\t<div class=\"columns_wrap\">\n\t\t<div class=\"column-1_2\">\n\t\t\t<p><span class=\"style-line\"><span class=\"wpcf7-form-control-wrap\" data-name=\"your-name\"><input size=\"40\" maxlength=\"400\" class=\"wpcf7-form-control wpcf7-text wpcf7-validates-as-required\" aria-required=\"true\" aria-invalid=\"false\" placeholder=\"Name\" value=\"\" type=\"text\" name=\"your-name\" \/><\/span><\/span>\n\t\t\t<\/p>\n\t\t<\/div>\n\t\t<div class=\"column-1_2\">\n\t\t\t<p><span class=\"style-line\"><span class=\"wpcf7-form-control-wrap\" data-name=\"your-last-name\"><input size=\"40\" maxlength=\"400\" class=\"wpcf7-form-control wpcf7-text wpcf7-validates-as-required\" aria-required=\"true\" aria-invalid=\"false\" placeholder=\"Nachname\" value=\"\" type=\"text\" name=\"your-last-name\" \/><\/span><\/span>\n\t\t\t<\/p>\n\t\t<\/div>\n\t<\/div>\n\t<div class=\"columns_wrap\">\n\t\t<div class=\"column-1_2\">\n\t\t\t<p><span class=\"style-line\"><span class=\"wpcf7-form-control-wrap\" data-name=\"your-email\"><input size=\"40\" maxlength=\"400\" class=\"wpcf7-form-control wpcf7-email wpcf7-validates-as-required wpcf7-text wpcf7-validates-as-email\" aria-required=\"true\" aria-invalid=\"false\" placeholder=\"E-Mail-Adresse\" value=\"\" type=\"email\" name=\"your-email\" \/><\/span><\/span>\n\t\t\t<\/p>\n\t\t<\/div>\n\t\t<div class=\"column-1_2\">\n\t\t\t<p><span class=\"style-line\"><span class=\"wpcf7-form-control-wrap\" data-name=\"phone\"><input size=\"40\" maxlength=\"400\" class=\"wpcf7-form-control wpcf7-tel wpcf7-validates-as-required wpcf7-text wpcf7-validates-as-tel\" aria-required=\"true\" aria-invalid=\"false\" placeholder=\"Handynummer\" value=\"\" type=\"tel\" name=\"phone\" \/><\/span><\/span>\n\t\t\t<\/p>\n\t\t<\/div>\n\t<\/div>\n\t<div class=\"columns_wrap\">\n\t\t<div class=\"column-1_1\">\n\t\t\t<p><span class=\"style-line\"><span class=\"wpcf7-form-control-wrap\" data-name=\"your-message\"><textarea cols=\"40\" rows=\"10\" maxlength=\"2000\" class=\"wpcf7-form-control wpcf7-textarea wpcf7-validates-as-required\" aria-required=\"true\" aria-invalid=\"false\" placeholder=\"Zus\u00e4tzliche Informationen\" name=\"your-message\"><\/textarea><\/span><\/span>\n\t\t\t<\/p>\n\t\t<\/div>\n\t<\/div>\n\t<h3>Dokumente Hochladen\n\t<\/h3>\n\t<div class=\"columns_wrap\">\n\t\t<div class=\"column-1_2\">\n\t\t\t<p><span class=\"style-line\"><span class=\"wpcf7-form-control-wrap\" data-name=\"passport\"><input size=\"40\" class=\"wpcf7-form-control wpcf7-file wpcf7-validates-as-required\" accept=\"audio\/*,video\/*,image\/*\" aria-required=\"true\" aria-invalid=\"false\" type=\"file\" name=\"passport\" \/><\/span><\/span>\n\t\t\t<\/p>\n\t\t<\/div>\n\t\t<div class=\"column-1_2\">\n\t\t\t<p><span class=\"style-line\"><span class=\"wpcf7-form-control-wrap\" data-name=\"id-card\"><input size=\"40\" class=\"wpcf7-form-control wpcf7-file wpcf7-validates-as-required\" accept=\"audio\/*,video\/*,image\/*\" aria-required=\"true\" aria-invalid=\"false\" type=\"file\" name=\"id-card\" \/><\/span><\/span>\n\t\t\t<\/p>\n\t\t<\/div>\n\t<\/div>\n\t<div class=\"columns_wrap\">\n\t\t<div class=\"column-1_2\">\n\t\t\t<p><span class=\"style-line\"><span class=\"wpcf7-form-control-wrap\" data-name=\"income\"><input size=\"40\" class=\"wpcf7-form-control wpcf7-file wpcf7-validates-as-required\" accept=\"audio\/*,video\/*,image\/*\" aria-required=\"true\" aria-invalid=\"false\" type=\"file\" name=\"income\" \/><\/span><\/span>\n\t\t\t<\/p>\n\t\t<\/div>\n\t\t<div class=\"column-1_2\">\n\t\t\t<p><span class=\"style-line\"><span class=\"wpcf7-form-control-wrap\" data-name=\"residence\"><input size=\"40\" class=\"wpcf7-form-control wpcf7-file wpcf7-validates-as-required\" accept=\"audio\/*,video\/*,image\/*\" aria-required=\"true\" aria-invalid=\"false\" type=\"file\" name=\"residence\" \/><\/span><\/span>\n\t\t\t<\/p>\n\t\t<\/div>\n\t<\/div>\n\t<div class=\"columns_wrap\">\n\t\t<div class=\"column-1_2\">\n\t\t\t<p><span class=\"style-line\"><span class=\"wpcf7-form-control-wrap\" data-name=\"old-address\"><input size=\"40\" maxlength=\"400\" class=\"wpcf7-form-control wpcf7-text wpcf7-validates-as-required\" aria-required=\"true\" aria-invalid=\"false\" placeholder=\"Alte Adresse (vor der aktuellen)\" value=\"\" type=\"text\" name=\"old-address\" \/><\/span><\/span>\n\t\t\t<\/p>\n\t\t<\/div>\n\t\t<div class=\"column-1_2\">\n\t\t\t<p><span class=\"style-line\"><span class=\"wpcf7-form-control-wrap\" data-name=\"rent\"><input class=\"wpcf7-form-control wpcf7-number wpcf7-validates-as-required wpcf7-validates-as-number\" aria-required=\"true\" aria-invalid=\"false\" placeholder=\"Mietbetrag (in Euro)\" value=\"\" type=\"number\" name=\"rent\" \/><\/span><\/span>\n\t\t\t<\/p>\n\t\t<\/div>\n\t<\/div>\n\t<div class=\"columns_wrap\">\n\t\t<div class=\"column-1_2\">\n\t\t\t<p><span class=\"style-line\"><span class=\"wpcf7-form-control-wrap\" data-name=\"birthplace\"><input size=\"40\" maxlength=\"400\" class=\"wpcf7-form-control wpcf7-text wpcf7-validates-as-required\" aria-required=\"true\" aria-invalid=\"false\" placeholder=\"Geburtsort\" value=\"\" type=\"text\" name=\"birthplace\" \/><\/span><\/span>\n\t\t\t<\/p>\n\t\t<\/div>\n\t\t<div class=\"column-1_2\">\n\t\t\t<p><span class=\"style-line\"><span class=\"wpcf7-form-control-wrap\" data-name=\"company\"><input size=\"40\" maxlength=\"400\" class=\"wpcf7-form-control wpcf7-text wpcf7-validates-as-required\" aria-required=\"true\" aria-invalid=\"false\" placeholder=\"Name und Adresse des Unternehmens\" value=\"\" type=\"text\" name=\"company\" \/><\/span><\/span>\n\t\t\t<\/p>\n\t\t<\/div>\n\t<\/div>\n\t<div class=\"columns_wrap\">\n\t\t<div class=\"column-1_1\">\n\t\t\t<p><span class=\"style-line\"><span class=\"wpcf7-form-control-wrap\" data-name=\"bankcard\"><input size=\"40\" class=\"wpcf7-form-control wpcf7-file wpcf7-validates-as-required\" accept=\"audio\/*,video\/*,image\/*\" aria-required=\"true\" aria-invalid=\"false\" type=\"file\" name=\"bankcard\" \/><\/span><\/span>\n\t\t\t<\/p>\n\t\t<\/div>\n\t<\/div>\n\t<div class=\"columns_wrap\">\n\t\t<div class=\"column-1_1\">\n\t\t\t<p><span class=\"wpcf7-form-control-wrap\" data-name=\"acceptance\"><span class=\"wpcf7-form-control wpcf7-acceptance\"><span class=\"wpcf7-list-item\"><label><input type=\"checkbox\" name=\"acceptance\" value=\"1\" aria-invalid=\"false\" \/><span class=\"wpcf7-list-item-label\">Ich stimme zu, dass meine Daten gem\u00e4\u00df der <a href=\"\/en\/privacy-policy\/\">Datenschutzerkl\u00e4rung<\/a> gespeichert werden.<\/span><\/label><\/span><\/span><\/span>\n\t\t\t<\/p>\n\t\t<\/div>\n\t<\/div>\n\t<p><input class=\"wpcf7-form-control wpcf7-submit has-spinner\" type=\"submit\" value=\"Anfrage senden\" \/>\n\t<\/p>\n<\/div><div class=\"wpcf7-response-output\" aria-hidden=\"true\"><\/div>\n<input type=\"hidden\" name=\"trp-form-language\" value=\"en\"\/><\/form>\n<\/div>\n\t\t\t\t<\/div>\n\t\t\t\t<\/div>\n\t\t\t\t<div class=\"elementor-element elementor-element-b08323d sc_layouts_hide_on_mobile sc_layouts_hide_on_notebook sc_layouts_hide_on_tablet sc_fly_static elementor-widget elementor-widget-spacer\" data-id=\"b08323d\" data-element_type=\"widget\" data-widget_type=\"spacer.default\">\n\t\t\t\t<div class=\"elementor-widget-container\">\n\t\t\t\t\t\t\t<div class=\"elementor-spacer\">\n\t\t\t<div class=\"elementor-spacer-inner\"><\/div>\n\t\t<\/div>\n\t\t\t\t\t\t<\/div>\n\t\t\t\t<\/div>\n\t\t\t\t<div class=\"elementor-element elementor-element-35716e4 elementor-widget-divider--view-line sc_fly_static elementor-widget elementor-widget-divider\" data-id=\"35716e4\" data-element_type=\"widget\" data-widget_type=\"divider.default\">\n\t\t\t\t<div class=\"elementor-widget-container\">\n\t\t\t\t\t\t\t<div class=\"elementor-divider\">\n\t\t\t<span class=\"elementor-divider-separator\">\n\t\t\t\t\t\t<\/span>\n\t\t<\/div>\n\t\t\t\t\t\t<\/div>\n\t\t\t\t<\/div>\n\t\t\t\t\t<\/div>\n\t\t<\/div>\n\t\t\t\t\t<\/div>\n\t\t<\/section>\n\t\t\t\t<\/div>","protected":false},"excerpt":{"rendered":"<p>Flexible Finanzierungsm\u00f6glichkeiten f\u00fcr Ihr Wunschfahrzeug Wir machen den Weg zu Ihrem Traumauto einfach und sorgenfrei! Mit unseren ma\u00dfgeschneiderten Finanzierungsangeboten haben Sie die M\u00f6glichkeit, Ihr neues oder gebrauchtes Fahrzeug zu attraktiven&hellip;<\/p>","protected":false},"author":1,"featured_media":0,"parent":0,"menu_order":0,"comment_status":"closed","ping_status":"closed","template":"","meta":{"footnotes":""},"class_list":["post-38085","page","type-page","status-publish","hentry"],"_links":{"self":[{"href":"https:\/\/mkautoborse.de\/en\/wp-json\/wp\/v2\/pages\/38085","targetHints":{"allow":["GET"]}}],"collection":[{"href":"https:\/\/mkautoborse.de\/en\/wp-json\/wp\/v2\/pages"}],"about":[{"href":"https:\/\/mkautoborse.de\/en\/wp-json\/wp\/v2\/types\/page"}],"author":[{"embeddable":true,"href":"https:\/\/mkautoborse.de\/en\/wp-json\/wp\/v2\/users\/1"}],"replies":[{"embeddable":true,"href":"https:\/\/mkautoborse.de\/en\/wp-json\/wp\/v2\/comments?post=38085"}],"version-history":[{"count":25,"href":"https:\/\/mkautoborse.de\/en\/wp-json\/wp\/v2\/pages\/38085\/revisions"}],"predecessor-version":[{"id":43204,"href":"https:\/\/mkautoborse.de\/en\/wp-json\/wp\/v2\/pages\/38085\/revisions\/43204"}],"wp:attachment":[{"href":"https:\/\/mkautoborse.de\/en\/wp-json\/wp\/v2\/media?parent=38085"}],"curies":[{"name":"wp","href":"https:\/\/api.w.org\/{rel}","templated":true}]}}